{"id":6,"date":"2015-10-10T15:51:13","date_gmt":"2015-10-10T15:51:13","guid":{"rendered":"http:\/\/localhost:8888\/wordpress\/?page_id=6"},"modified":"2026-03-31T11:20:17","modified_gmt":"2026-03-31T11:20:17","slug":"bio","status":"publish","type":"page","link":"https:\/\/www.cristianchironi.it\/?page_id=6","title":{"rendered":"Bio"},"content":{"rendered":"\n<div class=\"wp-block-group\"><div class=\"wp-block-group__inner-container\">\n<p>Cristian Chironi is a multidisciplinary artist. He uses <span class=\"Apple-converted-space\">different languages creating a sort of interaction between them and always trying to involve the context, be it human (public) or environmental (space). He currently lives and works in the homes of great architects scattered around the world on a multi-disciplinary itinerary, dedicated to the &#8220;Art of Living&#8221;. He travels aboard a FIAT 127 Special, renamed Chameleon for its ability to change colour.<\/span><\/p>\n<p><strong style=\"font-size: inherit;\">Among his solo exhibitions:<\/strong><span style=\"font-size: inherit;\"> La Bo\u00eete_un lieu d\u2019art contemporain Tunis; CAMERA &#8211; Italian Centre for Photography Turin; MAUTO National Automobile Museum Turin; Italian Cultural Institute of Mexico City; MAN &#8211; Museum of art of the Province of Nuoro; MAC Museum of Contemporary Art Lissone; <\/span><span style=\"font-size: inherit;\">Morton Street Partners Manhattan New York;\u00a0<\/span><span style=\"font-size: inherit;\">Italian Cultural Institute Montreal Canada; Villa Jeanneret-Perret La Chaux-de-Fonds; Museion &#8211; Piccolo Museion Bolzano; MANIFESTA13 Les Parallles du Sud Unit\u00e8 d\u2019Habitation Marseille; Apt. 258\u00a0Unit\u00e8 d\u2019Habitation Berlin; Casa Victoria Ocampo Bienalsur \u2013 Bienal Internacional de Arte Contemporan\u00e9o de Am\u00e9rica del Sur Buenos Aires; Museo Nivola Orani; Pierre Jeanneret Museum Chandigarh; 16a Quadriennale Rome Palazzo delle Esposizioni; Appartement 50 \u2013 Unit\u00e9 d\u2019Habitation Marseille; Studio-Apartment by Le Corbusier Paris; Padiglione Esprit Nouveau Bologna.<\/span><\/p>\n<p><span style=\"font-size: inherit;\"><strong>Among the special projects:<\/strong>\u00a0Museo di Palazzo Pretorio Prato; Magazzino Italia Art Cold Spring; Mus\u00e9e des beaux-arts La Chaux-de-Fonds;\u00a0<\/span>Mus\u00e9e historique et des porcelaines Nyon.<\/p>\n<p><strong>Among his group exhibitions:<\/strong> <span style=\"font-size: inherit;\">MAUTO National Automobile Museum Turin; <\/span>Ar\/Ge Kunst Bolzano; Careof La Fabbrica del Vapore Milan; Villa d\u2019Este Tivoli; MAMbo &#8211; Museo d&#8217;Arte Moderna di Bologna; Italian Cultural Institute Tokyo Japan; Pinacoteca Provinciale di Potenza; Soprintendenza archeologia, belle arti e paesaggio Verona; MAN Museo d\u2019Arte Nuoro; Casa Italia PyeongChang 2018 Winter Olympics South Korea; Casa Wabi Puerto Escondido; Istituto Italiano di Cultura Bruxelles; Studio La Citt\u00e0 Verona; Museo d\u2019Arte Contemporanea Villa Croce Genova; Kunstmuseum Thun; P420 Gallery; Flux Factory New York; Macro Pelanda Rome; Museum of Modern and Contemporary Art Rijeka; Museo delle Arti di Catanzaro; Tina-B Contemporary Art Prague; Tongji University Expo 2010 Shanghai; Tokyo University of the Arts Competition Yokohama; Villa Reale Monza; Istanbul Bilgi University Istanbul; neon&gt; campo base Bologna; GC.AC.; Prague Biennal Art 4; Musei Civici Imola.<\/p>\n<p><strong>Among his performances:<\/strong> Teatro Grande Brescia;\u00a0<span style=\"font-size: inherit;\">Magazzino Italia Art Cold Spring; Centre de Culture ABC and FAR La Chaux-de-Fonds;\u00a0<\/span>Museion Bolzano; MANIFESTA13 Les Parallles du Sud Marseille; Triennale Milano Performing Arts; CND \u2013 Centre National de la Dance Pantin; Festival Santarcangelo di Romagna; Ambasciata Italiana Berlin; Fondation Suisse Paris; Netwerk Aalst; LE FAR\u00b0 Festival des arts vivants Nyon; Kaai Studio\u2019s Brussel; Museo Madre Napoli; Fondation Cartier Paris; Les urbaines \u2013 Festival des cr\u00e9ations \u00e9mergentes Lausanne; Trama Fundacao Serralves Porto; Espace Malraux Chamb\u00e9ry de la Savoie; Akis Davis Theatre Atene; Muffatwerk Munchen; Mousonturm Frankfurt; Xing Raum Bologna.<\/p>\n<p><strong>Among his video gallery: <\/strong>MAXXI National Museum of 21st Century Arts Rome; MUU Gallery Helsinki.<\/p>\n<p><strong>Among the curatorial projects:<\/strong> Pinacoteca Giovanni e Marella Agnelli Turin.<\/p>\n<p><strong>Among the conferences and presentations:<\/strong> National School of Architecture &amp; Urban Planning (ENAU); Museion Bolzano with Jean-Louis Cohen; International Cultural Center New Delhi; Facultad de Arquiectura y Urbanismo Universidad Nacional de La Plata; Gibney Dance New York; CRAC Alsace Altkirch.<\/p>\n<p><strong>Among the collections:<\/strong> <span class=\"HwtZe\" lang=\"en\"><span class=\"jCAhz ChMk0b\"><span class=\"ryNqvb\">MAUTO National Museum<\/span><\/span><\/span> Turin; <span style=\"font-size: inherit;\">Italian Cultural Institute of Mexico City;\u00a0<\/span>Magazzino Italian Art New York; MAMbo Museo d&#8217;Arte Moderna di Bologna; MAN Museo d\u2019Arte Nuoro; Pierre Jeanneret Museum Chandigarh; Patrimonio regionale Emilia Romagna; Museo diffuso per l\u2019arte contemporanea Verona; Italian Cultural Institute Mexico City.<\/p>\n<p><strong>Artwork in public spaces:<\/strong> Luci d&#8217;Artista &#8211; d<span class=\"HwtZe\" lang=\"en\"><span class=\"jCAhz ChMk0b\"><span class=\"ryNqvb\">istrict 6 \/ MAUTO National Museum<\/span><\/span><\/span> Turin; Padiglione Esprit Nouveau Piazza della Costituzione Bologna; Pierre Jeanneret Museum Chandigarh.<\/p>\n<p><strong>Among the grants:<\/strong>\u00a0Strategia Fotografia 2023; Cantica21. Italian Contemporary Art Everywhere MAECI \u2013 MiBACT; Grants for young researchers and Visual Artists Fondation Le Corbusier Paris.<\/p>\n<p><strong>Among the books:<\/strong> Le Corbusier. Viaggi, oggetti e collezioni published by Corraini; I\u2019m Back published by Postmedia Books; Broken English\/My house is a Le Corbusier published by NERO; Policromie, laboratorio mediterraneo.<\/p>\n<p><strong>Among the residences:<\/strong> La Bo\u00eete_un lieu d\u2019art contemporain \/ studio residence Medina of Tunis; Fondazione MACC Calasetta; Lacasapark Art Residency New York; Iris Project residency Venice CA; Art-Omi Ghent New York; Villa Jeanneret-Perret CH; Casa Atelier di Museion Bolzano IT; Unit\u00e8 d\u2019Habitation Berlin Germany; Casa Victoria Ocampo Buenos Aires; Pierre Jeanneret Museum Chandigarh India; Casa Wabi Puerto Escondido Mexico; Unit\u00e8 d\u2019Habitation Marseille France; Studio-Apartment by Le Corbusier Paris France; Padiglione Esprit Nouveau Bologna Italy; Festival Santarcangelo di Romagna Santarcangelo Italy; Civitella Ranieri Umbertide Italy; Dolomiti Contemporanee Sass Muss Italy.<\/p>\n<\/div><\/div>\n\n\n\n<pre class=\"wp-block-code\"><code><\/code><\/pre>\n","protected":false},"excerpt":{"rendered":"","protected":false},"author":1,"featured_media":0,"parent":0,"menu_order":0,"comment_status":"closed","ping_status":"closed","template":"","meta":[],"_links":{"self":[{"href":"https:\/\/www.cristianchironi.it\/index.php?rest_route=\/wp\/v2\/pages\/6"}],"collection":[{"href":"https:\/\/www.cristianchironi.it\/index.php?rest_route=\/wp\/v2\/pages"}],"about":[{"href":"https:\/\/www.cristianchironi.it\/index.php?rest_route=\/wp\/v2\/types\/page"}],"author":[{"embeddable":true,"href":"https:\/\/www.cristianchironi.it\/index.php?rest_route=\/wp\/v2\/users\/1"}],"replies":[{"embeddable":true,"href":"https:\/\/www.cristianchironi.it\/index.php?rest_route=%2Fwp%2Fv2%2Fcomments&post=6"}],"version-history":[{"count":94,"href":"https:\/\/www.cristianchironi.it\/index.php?rest_route=\/wp\/v2\/pages\/6\/revisions"}],"predecessor-version":[{"id":2048,"href":"https:\/\/www.cristianchironi.it\/index.php?rest_route=\/wp\/v2\/pages\/6\/revisions\/2048"}],"wp:attachment":[{"href":"https:\/\/www.cristianchironi.it\/index.php?rest_route=%2Fwp%2Fv2%2Fmedia&parent=6"}],"curies":[{"name":"wp","href":"https:\/\/api.w.org\/{rel}","templated":true}]}}