{"id":281,"date":"2015-10-16T16:34:48","date_gmt":"2015-10-16T16:34:48","guid":{"rendered":"http:\/\/localhost:8888\/wordpress\/?page_id=281"},"modified":"2015-10-24T15:03:40","modified_gmt":"2015-10-24T15:03:40","slug":"untitled-1-test","status":"publish","type":"page","link":"https:\/\/www.cristianchironi.it\/?page_id=281","title":{"rendered":"Untitled #1 &#8211; text"},"content":{"rendered":"<h1 class=\"paragraph_style\" style=\"text-align: justify;\">UNTITLED #1<\/h1>\n<p class=\"paragraph_style\" style=\"text-align: right;\"><a href=\"http:\/\/www.cristianchironi.it\/?portfolio=untitled-1\">&lt; BACK<\/a><\/p>\n<p class=\"paragraph_style\"><span class=\"style\">Chironi\u2019s action acquires, in the accomplished post-modern time, a paradoxical, critical, opposing and provocative meaning, conveying values, concepts and ideals that seem to be obsolete and are rescued through their exemplary re-happening.<br \/>\n<\/span><\/p>\n<p class=\"paragraph_style\"><span class=\"style\">From a picture, Chironi rebuilds and restores his mother\u2019s image by means of an extremely patient procedure; from an enlargement of the original picture, he cuts and reassembles a model to wear. Giving up his appearance, the artist sew himself a new skin, he sticks his own memory and identity on, actually displaying it, performing an overturning between inner life and outward appearance.<br \/>\n<\/span><\/p>\n<p class=\"paragraph_style\"><span class=\"style\">The painful act of sewing on the skin, that reminds of Gina Pane\u2019s actions, primarily constitutes a linguistic paradigm and a communicative act. This is indeed why the body turns into a book for the same memory elsewhere, completely covered, as it is, with copies of the same picture. A picture that, like an echo, confirms and repeats, perpetuates and multiplies, while offering itself to the world, as serial memory and <\/span><span class=\"style_1\">souvenir<\/span><span class=\"style\">, that the artists ends up embodying. He transforms himself into it, re-wearing Lina\u2019s real wedding dress, reaching the absolute identification, self-cancellation and shipwreck into his own origins.<br \/>\n<\/span><\/p>\n<p class=\"paragraph_style\"><span class=\"style\">Within a general continuity, there are two distinct phases: on the one hand there is the \u2018investiture\u2019 sequence, the progressive gain of the new\/old identity and, on the other hand, the sequence<\/span> <span class=\"style\">of the <\/span><span class=\"style_1\">mise en sc\u00e8ne<\/span><span class=\"style\"> of the mother\u2019s daily gestures and situations that belong to one\u2019s own memory. In this acceptation, even the objects the artist surrounds himself with acquire a signifying quality.<br \/>\n<\/span><\/p>\n<p class=\"paragraph_style\"><span class=\"style\">The value of\u00a0 the work does not reside in the synthesis, but rather in its redundancy, in the overquotation that brings\u00a0 art itself back to the sphere of a collective and everyday reminiscence, with a continuous summing up that is a conscious and declarative act.<br \/>\n<\/span><\/p>\n<p class=\"paragraph_style\"><span class=\"style\">If Christian Boltanski cancels his own identity and builds himself a new one (autobiografia possibile) by accumulating, filing and assembling someone else\u2019s memories, Chironi performs a rewind on his, re-editing and reiterating , in an absolutely liturgical way, the everyday gestures and events of his own mother. He does that by taking upon himself, by embodying, his mother\u2019s identity, as to annul the filter of time while perpetuating it as mystery event; from self-disappearance to reconstruction through his parent, from escape to return, from loss to re-appropriation.<br \/>\n<\/span><\/p>\n<p class=\"paragraph_style\"><span class=\"style\">What remains of this interrupted narrative, which is actually segmented and apportioned in a non-progressive sequence, is the allegorical scene, where all the elements (the picture, body and objects around) constitute the signifying attributes. We are somehow reminded of the medieval imagery, of the exemplary sequences of saints\u2019 and martyrs\u2019 histories. Not the mystic and ascetic byzantine version of this imagery, but rather the earthly and humanised one, the one we would now call the \u2018weak version\u2019, that characterises popular romanesque sculpture and gothic painting, according to the realistic acceptation of the Giottesque school rather than to the Sienese School.<br \/>\n<\/span><\/p>\n<p class=\"paragraph_style\"><span class=\"style\">The work originates from a picture and returns to photography. The artist\u2019s handling with photography acquires a characterising value, as a means to hold and put reality out of the reach of time. Not as a documentary support to action, but rather as work and reality in itself, somehow close to Ontani\u2019s \u2018little statues\u2019 or to Yasumasa Morimura\u2019s dressing-up.<br \/>\n<\/span><\/p>\n<p class=\"paragraph_style\"><span class=\"style\">At the origins of photography, Nadar described the theory of the superstitious Balzac according to which any daguerreian operation revealed, detached and held one of the layers of the photographed body by annexing it.<br \/>\n<\/span><\/p>\n<p class=\"paragraph_style\"><span class=\"style\">The spectrum that fixed itself on the plate was the constitutive essence of reality. In a completely different context, Barthes argued instead that \u2018each picture is a certificate of presence\u2019.<br \/>\n<\/span><\/p>\n<p class=\"paragraph_style\"><span class=\"style\">Even when Chironi uses the videotape, he constructs it photogram by photogram and not as a moving continuum. It is almost a reorganisation of flashbacks, whose totality shapes the drawing icon.<br \/>\n<\/span><\/p>\n<p class=\"paragraph_style\"><span class=\"style\">This is indeed why, in the exposure, in the didactic narrative\u2019s escape, in the iconographic accomplishment, in the consistence of elements\/attributes, the picture rids itself of any autobiographical element conferring to the work a collective and absolute dimension. While manifesting itself as incorrupted and incorruptible reality, it offers itself as universal imagery.<br \/>\n<\/span><\/p>\n<p class=\"paragraph_style\" style=\"text-align: right;\"><span class=\"style\">by Alfredo Sigolo, 2004<\/span><\/p>\n<p class=\"paragraph_style\" style=\"text-align: right;\"><a href=\"http:\/\/www.cristianchironi.it\/?portfolio=untitled-1\">&lt; BACK<\/a><\/p>\n<hr \/>\n<p class=\"paragraph_style\"><span class=\"style\" style=\"color: #808080;\">Cristian Chironi, giovane artista sardo (1974, Nuoro) lavora sulla memoria e vien da dire che, per la generazione che la memoria pareva averla persa per sempre, ci\u00f2 assume di per s\u00e9 valore di affrancamento e riscatto. I ricordi d\u2019infanzia legati alla casa, la famiglia, la terra, gli oggetti, sono continuamente messi in gioco, affermati e ribaditi come saldi ancoraggi dell\u2019identit\u00e0. Ed \u00e8 il corpo innanzitutto il luogo nel quale il frammento si fissa, secondo una prassi che punta a declinarlo in un\u2019immagine statica e immutabile, iconico-narrativa ed allegorica.<br \/>\n<\/span><\/p>\n<p class=\"paragraph_style_1\"><span class=\"style\" style=\"color: #808080;\">La memoria dell\u2019artista si sublima in memoria collettiva, in causa di un processo di condivisione che passa innanzitutto attraverso una sorta di espiazione che \u00e8 franca messa a nudo di s\u00e9, rinuncia ad ogni preconcetto, schema, categoria acquisita. Originale nelle opere di Chironi \u00e8 proprio questo rewind condotto azzerando la propria identit\u00e0 e ricostruendola pazientemente secondo un progetto di revisione radicale e di autoanalisi che parte dall\u2019infanzia.<br \/>\n<\/span><\/p>\n<p class=\"paragraph_style_1\"><span class=\"style\" style=\"color: #808080;\">Nel tempo della postmodernit\u00e0 compiuta, l\u2019azione di Chironi assume un significato paradossale, critico, antagonista e provocatorio in quanto portatore di concetti, valori ed ideali in apparenza desueti, che vengono recuperati attraverso il loro esemplare riaccadimento.<br \/>\n<\/span><\/p>\n<p class=\"paragraph_style_1\"><span class=\"style\" style=\"color: #808080;\">Partendo da una fotoricordo, Chironi ricostruisce e restituisce l\u2019immagine della propria madre con paziente lavoro sartoriale: dall\u2019ingradimento a dimensioni reali della fotografia originaria egli ritaglia e ricompone un modello da indossare. Spogliandosi della propria apparenza, l\u2019artista si cuce una nuova pelle, si imbastisce addosso la propria memoria ed identit\u00e0, di fatto esibendola, in una sorta di ribaltamento tra interiorit\u00e0 ed esteriorit\u00e0.<br \/>\n<\/span><\/p>\n<p class=\"paragraph_style_1\"><span class=\"style\" style=\"color: #808080;\">L\u2019atto doloroso della cucitura sulla pelle, nella memoria delle azioni di Gina Pane, \u00e8 innanzitutto paradigma linguistico e atto comunicativo. E\u2019 perci\u00f2 che altrove il corpo diventa album dello stesso ricordo, interamente ricoperto da copie della stessa foto, di fatto eco che afferma e ribadisce, perpetua e moltiplica, offrendosi a tutti, ricordo seriale e souvenir. Che l\u2019artista finisce anche per incarnare, per trasformarsi in esso, rivestendo i panni nuziali reali di Lina, nell\u2019immedesimazione compiuta, nell\u2019annullamento di s\u00e9 e naufragio nella propria origine.<br \/>\n<\/span><\/p>\n<p class=\"paragraph_style_1\"><span style=\"color: #808080;\"><span class=\"style\">Vi sono, nel segno della continuit\u00e0, due fase distinte: da un lato la sequenza dell\u2019\u201dinvestitura\u201d, della progressiva conquista della nuova\/vecchia identit\u00e0, dall\u2019altro quella della <\/span><span class=\"style_1\">mise en sc\u00e8ne<\/span><span class=\"style\"> di gesti e situazioni comuni riferiti alla madre e che appartengono alla propria memoria, nella qualit\u00e0 di ricordi. In questa accezione, anche gli oggetti di cui l\u2019artista si circonda acquistano qualit\u00e0 significante.<br \/>\n<\/span><\/span><\/p>\n<p class=\"paragraph_style_1\"><span class=\"style\" style=\"color: #808080;\">Non nella sintesi dell\u2019opera sta il valore ma anzi nella ridondanza, nell\u2019eccesso citazionista che riconduce l\u2019arte stessa nella sfera di una collettiva e quotidiana reminiscenza, in una incessante ricapitolazione come atto consapevole e dichiarativo.<br \/>\n<\/span><\/p>\n<p class=\"paragraph_style_1\"><span class=\"style\" style=\"color: #808080;\">Se Christian Boltanski annulla la propria identit\u00e0 e ne costruisce una nuova (autobiografia possibile) per accumulo, archiviazione e assemblaggio di memorie altrui, Chironi compie una sorta di rewind della propria, rieditando e reiterando, in modo assolutamente liturgico, gesti e accadimenti quotidiani della propria madre. Lo fa assumendo in s\u00e9, incarnando, l\u2019identit\u00e0 della madre, s\u00ec da annullare il filtro del tempo e perpetuandolo come evento misterico; dalla scomparsa di s\u00e9 alla ricostruzione attraverso la genitrice, dalla sottrazione alla restituzione, dalla perdita alla riappropriazione.<br \/>\n<\/span><\/p>\n<p class=\"paragraph_style_1\"><span class=\"style\" style=\"color: #808080;\">Di questa narrativit\u00e0 interrotta anzi, per meglio dire, segmentata e parcellizzata in una sequenza non progressiva, resta la scena allegorica, in cui tutti gli elementi (la foto, il corpo, gli oggetti d\u2019intorno) costituiscono gli attributi significanti. In qualche modo \u00e8 l\u2019immaginario medievale a tornare alla mente, nella esemplarit\u00e0 delle sequenze delle storie dei santi e dei martiri. E non nella declinazione bizantina, mistica e ascetica, ma in quella terrena e umanizzata, oggi diremo \u201cdebole\u201d, della scultura popolare romanica o della pittura gotica, nell\u2019accezione realistica della scuola giottesca pi\u00f9 che in quella senese.<br \/>\n<\/span><\/p>\n<p class=\"paragraph_style_1\"><span class=\"style\" style=\"color: #808080;\">Il lavoro nasce da una fotografia e alla fotografia ritorna. E proprio il trattamento della fotografia da parte dell\u2019artista assume valore caratterizzante, come strumento per trattenere la realt\u00e0 e sottrarla al tempo. Ma non come supporto documentario dell\u2019azione, invece come opera e realt\u00e0 in s\u00e9, semmai vicina alle intenzioni delle \u201cstatuine\u201d di Ontani o ai travestimenti di Yasumasa Morimura.<br \/>\n<\/span><\/p>\n<p class=\"paragraph_style_1\"><span style=\"color: #808080;\"><span class=\"style\">Alle origini della fotografia, Nadar descriveva la teoria del superstizioso Balzac, secondo cui ogni operazione <\/span><span class=\"style_1\">daguerriana<\/span><span class=\"style\"> rivelava, distaccava e tratteneva, annettendoselo, uno degli strati del corpo fotografato. Lo spettro che si fissava sulla lastra era essenza costitutiva della realt\u00e0. Barthes, in tutt\u2019altro contesto, afferma invece che \u201cogni fotografia \u00e8 un certificato di presenza\u201d.<br \/>\n<\/span><\/span><\/p>\n<p class=\"paragraph_style_1\"><span class=\"style\" style=\"color: #808080;\">Anche quando Chironi utilizza il video, lo costruisce per fotogrammi e non come un continuum in movimento, quasi un riordino di flashback che insieme costruiscono l\u2019icona trainante.<br \/>\n<\/span><\/p>\n<p class=\"paragraph_style_1\"><span class=\"style\" style=\"color: #808080;\">Ed \u00e8 perci\u00f2 che, nella posa, nella sottrazione della narrazione didascalica, nella compiutezza iconografica, nella compresenza degli elementi\/attributi, la foto si svuota degli elementi autobiografici restituendo all\u2019opera una dimensione collettiva e assoluta; manifestandosi come realt\u00e0 incorrotta e incorruttibile, si offre ad un immaginario universale.<br \/>\n<\/span><\/p>\n<p class=\"paragraph_style_1\" style=\"text-align: right;\"><span class=\"style\"><span style=\"color: #808080;\">di Alfredo Sigolo, 2004<\/span><br \/>\n<\/span><\/p>\n<p class=\"paragraph_style_1\" style=\"text-align: right;\"><a href=\"http:\/\/www.cristianchironi.it\/?portfolio=untitled-1\">&lt; INDIETRO<\/a><\/p>\n","protected":false},"excerpt":{"rendered":"<p>UNTITLED #1 &lt; BACK Chironi\u2019s action acquires, in the accomplished post-modern time, a paradoxical, critical, opposing and provocative meaning, conveying values, concepts and ideals that<a class=\"more-link\" href=\"https:\/\/www.cristianchironi.it\/?page_id=281\">Continue Reading&#8230;<\/a><\/p>\n","protected":false},"author":1,"featured_media":0,"parent":0,"menu_order":0,"comment_status":"closed","ping_status":"closed","template":"","meta":[],"_links":{"self":[{"href":"https:\/\/www.cristianchironi.it\/index.php?rest_route=\/wp\/v2\/pages\/281"}],"collection":[{"href":"https:\/\/www.cristianchironi.it\/index.php?rest_route=\/wp\/v2\/pages"}],"about":[{"href":"https:\/\/www.cristianchironi.it\/index.php?rest_route=\/wp\/v2\/types\/page"}],"author":[{"embeddable":true,"href":"https:\/\/www.cristianchironi.it\/index.php?rest_route=\/wp\/v2\/users\/1"}],"replies":[{"embeddable":true,"href":"https:\/\/www.cristianchironi.it\/index.php?rest_route=%2Fwp%2Fv2%2Fcomments&post=281"}],"version-history":[{"count":6,"href":"https:\/\/www.cristianchironi.it\/index.php?rest_route=\/wp\/v2\/pages\/281\/revisions"}],"predecessor-version":[{"id":435,"href":"https:\/\/www.cristianchironi.it\/index.php?rest_route=\/wp\/v2\/pages\/281\/revisions\/435"}],"wp:attachment":[{"href":"https:\/\/www.cristianchironi.it\/index.php?rest_route=%2Fwp%2Fv2%2Fmedia&parent=281"}],"curies":[{"name":"wp","href":"https:\/\/api.w.org\/{rel}","templated":true}]}}